{"id":97,"date":"2016-11-06T17:28:14","date_gmt":"2016-11-06T16:28:14","guid":{"rendered":"http:\/\/www.kancelaria-warda.pl\/?page_id=97"},"modified":"2023-04-05T13:31:16","modified_gmt":"2023-04-05T11:31:16","slug":"transakcje-miedzynarodowe","status":"publish","type":"page","link":"https:\/\/www.kancelaria-warda.pl\/index.php\/pl\/specjalizacje\/transakcje-miedzynarodowe\/","title":{"rendered":"Transakcje mi\u0119dzynarodowe"},"content":{"rendered":"<p style=\"text-align: justify;\"><span style=\"font-family: tahoma, arial, helvetica, sans-serif; font-size: 14pt;\">Wsp\u00f3\u0142pracujemy z firmami zagranicznymi z ca\u0142ego \u015bwiata. <\/span><\/p>\n<p style=\"text-align: justify;\"><span style=\"font-family: tahoma, arial, helvetica, sans-serif; font-size: 14pt;\">Firmy te zainteresowane s\u0105 przede wszystkim zapoznaniem si\u0119 z aktualnym stanem prawnym obowi\u0105zuj\u0105cym w Polsce, dok\u0142adnym zbadaniem nieruchomo\u015bci przed jej zakupem oraz nabywaniem nieruchomo\u015bci w pe\u0142nym bezpiecze\u0144stwie prawnym.\u00a0\u00a0<\/span><\/p>\n<p style=\"text-align: justify;\"><span style=\"font-family: tahoma, arial, helvetica, sans-serif; font-size: 14pt;\">Wspomagamy Strony transakcji w ich szcz\u0119\u015bliwym sfinalizowaniu.<\/span><\/p>\n","protected":false},"excerpt":{"rendered":"<p>Wsp\u00f3\u0142pracujemy z firmami zagranicznymi z ca\u0142ego \u015bwiata. Firmy te zainteresowane s\u0105 przede wszystkim zapoznaniem si\u0119 z aktualnym stanem prawnym obowi\u0105zuj\u0105cym w Polsce, dok\u0142adnym zbadaniem nieruchomo\u015bci przed jej zakupem oraz nabywaniem nieruchomo\u015bci w pe\u0142nym bezpiecze\u0144stwie prawnym.\u00a0\u00a0 Wspomagamy Strony transakcji w ich szcz\u0119\u015bliwym sfinalizowaniu.<\/p>\n","protected":false},"author":1,"featured_media":0,"parent":60,"menu_order":0,"comment_status":"closed","ping_status":"closed","template":"","meta":[],"_links":{"self":[{"href":"https:\/\/www.kancelaria-warda.pl\/index.php\/wp-json\/wp\/v2\/pages\/97"}],"collection":[{"href":"https:\/\/www.kancelaria-warda.pl\/index.php\/wp-json\/wp\/v2\/pages"}],"about":[{"href":"https:\/\/www.kancelaria-warda.pl\/index.php\/wp-json\/wp\/v2\/types\/page"}],"author":[{"embeddable":true,"href":"https:\/\/www.kancelaria-warda.pl\/index.php\/wp-json\/wp\/v2\/users\/1"}],"replies":[{"embeddable":true,"href":"https:\/\/www.kancelaria-warda.pl\/index.php\/wp-json\/wp\/v2\/comments?post=97"}],"version-history":[{"count":9,"href":"https:\/\/www.kancelaria-warda.pl\/index.php\/wp-json\/wp\/v2\/pages\/97\/revisions"}],"predecessor-version":[{"id":600,"href":"https:\/\/www.kancelaria-warda.pl\/index.php\/wp-json\/wp\/v2\/pages\/97\/revisions\/600"}],"up":[{"embeddable":true,"href":"https:\/\/www.kancelaria-warda.pl\/index.php\/wp-json\/wp\/v2\/pages\/60"}],"wp:attachment":[{"href":"https:\/\/www.kancelaria-warda.pl\/index.php\/wp-json\/wp\/v2\/media?parent=97"}],"curies":[{"name":"wp","href":"https:\/\/api.w.org\/{rel}","templated":true}]}}