{"id":95,"date":"2016-11-06T17:24:50","date_gmt":"2016-11-06T16:24:50","guid":{"rendered":"http:\/\/www.kancelaria-warda.pl\/?page_id=95"},"modified":"2023-01-14T20:46:08","modified_gmt":"2023-01-14T19:46:08","slug":"umowy","status":"publish","type":"page","link":"https:\/\/www.kancelaria-warda.pl\/index.php\/pl\/specjalizacje\/umowy\/","title":{"rendered":"Umowy"},"content":{"rendered":"<p style=\"text-align: justify;\"><span style=\"font-family: tahoma, arial, helvetica, sans-serif; font-size: 14pt;\">Zawarcie odpowiednio sformu\u0142owanej Umowy to podstawa p\u00f3\u017aniejszego braku problem\u00f3w.<\/span><\/p>\n<p style=\"text-align: justify;\"><span style=\"font-family: tahoma, arial, helvetica, sans-serif; font-size: 14pt;\">Wesprzemy naszych Klient\u00f3w w znalezieniu optymalnych rozwi\u0105za\u0144 kontraktowych tak, aby zabezpieczy\u0107 ich interesy w mo\u017cliwym do osi\u0105gni\u0119cia zakresie.<\/span><\/p>\n<p style=\"text-align: justify;\"><span style=\"font-family: tahoma, arial, helvetica, sans-serif; font-size: 14pt;\">Bior\u0105c bezpo\u015bredni udzia\u0142 w negocjacjach, doprowadzili\u015bmy do zawarcia setek korzystnych Um\u00f3w, w tym dotycz\u0105cych:<\/span><\/p>\n<ul>\n<li><span style=\"font-family: tahoma, arial, helvetica, sans-serif; font-size: 14pt;\">sprzeda\u017cy nieruchomo\u015bci<\/span><\/li>\n<li><span style=\"font-family: tahoma, arial, helvetica, sans-serif; font-size: 14pt;\">najmu i dzier\u017cawy nieruchomo\u015bci<\/span><\/li>\n<li><span style=\"font-family: tahoma, arial, helvetica, sans-serif; font-size: 14pt;\">zachowania poufno\u015bci<\/span><\/li>\n<li><span style=\"font-family: tahoma, arial, helvetica, sans-serif; font-size: 14pt;\">wzajemnego porozumienia (ugody, listy intencyjne)<\/span><\/li>\n<li><span style=\"font-family: tahoma, arial, helvetica, sans-serif; font-size: 14pt;\">inwestycji budowlanych (wykonawstwo, generalne wykonawstwo)<\/span><\/li>\n<li><span style=\"font-family: tahoma, arial, helvetica, sans-serif; font-size: 14pt;\">zbycia przedsi\u0119biorstwa lub zorganizowanej cz\u0119\u015bci przedsi\u0119biorstwa<\/span><\/li>\n<li><span style=\"font-family: tahoma, arial, helvetica, sans-serif; font-size: 14pt;\">oddania przedsi\u0119biorstwa do odp\u0142atnego korzystania<\/span><\/li>\n<li style=\"text-align: justify;\"><span style=\"font-family: tahoma, arial, helvetica, sans-serif; font-size: 14pt;\">obrotu wierzytelno\u015bciami (cesja praw, przej\u0119cie d\u0142ugu)<\/span><\/li>\n<li><span style=\"font-family: tahoma, arial, helvetica, sans-serif; font-size: 14pt;\">za\u0142o\u017cenia sp\u00f3\u0142ek<\/span><\/li>\n<li><span style=\"font-family: tahoma, arial, helvetica, sans-serif; font-size: 14pt;\">wsp\u00f3\u0142pracy, \u015bwiadczenia us\u0142ug, zlecenia<\/span><\/li>\n<li><span style=\"font-family: tahoma, arial, helvetica, sans-serif; font-size: 14pt;\">po\u017cyczki i kredytu<\/span><\/li>\n<li><span style=\"font-family: tahoma, arial, helvetica, sans-serif; font-size: 14pt;\">przeniesienia praw w\u0142asno\u015bci intelektualnej<\/span><\/li>\n<li><span style=\"font-family: tahoma, arial, helvetica, sans-serif; font-size: 14pt;\">zastawu i por\u0119czenia<\/span><\/li>\n<li><span style=\"font-family: tahoma, arial, helvetica, sans-serif; font-size: 14pt;\">przedstawicielstwa i po\u015brednictwa gospodarczego<\/span><\/li>\n<\/ul>\n","protected":false},"excerpt":{"rendered":"<p>Zawarcie odpowiednio sformu\u0142owanej Umowy to podstawa p\u00f3\u017aniejszego braku problem\u00f3w. Wesprzemy naszych Klient\u00f3w w znalezieniu optymalnych rozwi\u0105za\u0144 kontraktowych tak, aby zabezpieczy\u0107 ich interesy w mo\u017cliwym do osi\u0105gni\u0119cia zakresie. Bior\u0105c bezpo\u015bredni udzia\u0142 w negocjacjach, doprowadzili\u015bmy do zawarcia setek korzystnych Um\u00f3w, w tym dotycz\u0105cych: sprzeda\u017cy nieruchomo\u015bci najmu i dzier\u017cawy nieruchomo\u015bci zachowania poufno\u015bci wzajemnego porozumienia (ugody, listy intencyjne) inwestycji [&hellip;]<\/p>\n","protected":false},"author":1,"featured_media":0,"parent":60,"menu_order":0,"comment_status":"closed","ping_status":"closed","template":"","meta":[],"_links":{"self":[{"href":"https:\/\/www.kancelaria-warda.pl\/index.php\/wp-json\/wp\/v2\/pages\/95"}],"collection":[{"href":"https:\/\/www.kancelaria-warda.pl\/index.php\/wp-json\/wp\/v2\/pages"}],"about":[{"href":"https:\/\/www.kancelaria-warda.pl\/index.php\/wp-json\/wp\/v2\/types\/page"}],"author":[{"embeddable":true,"href":"https:\/\/www.kancelaria-warda.pl\/index.php\/wp-json\/wp\/v2\/users\/1"}],"replies":[{"embeddable":true,"href":"https:\/\/www.kancelaria-warda.pl\/index.php\/wp-json\/wp\/v2\/comments?post=95"}],"version-history":[{"count":7,"href":"https:\/\/www.kancelaria-warda.pl\/index.php\/wp-json\/wp\/v2\/pages\/95\/revisions"}],"predecessor-version":[{"id":565,"href":"https:\/\/www.kancelaria-warda.pl\/index.php\/wp-json\/wp\/v2\/pages\/95\/revisions\/565"}],"up":[{"embeddable":true,"href":"https:\/\/www.kancelaria-warda.pl\/index.php\/wp-json\/wp\/v2\/pages\/60"}],"wp:attachment":[{"href":"https:\/\/www.kancelaria-warda.pl\/index.php\/wp-json\/wp\/v2\/media?parent=95"}],"curies":[{"name":"wp","href":"https:\/\/api.w.org\/{rel}","templated":true}]}}