{"id":89,"date":"2016-11-01T16:52:33","date_gmt":"2016-11-01T15:52:33","guid":{"rendered":"http:\/\/www.kancelaria-warda.pl\/?page_id=89"},"modified":"2023-04-05T19:10:27","modified_gmt":"2023-04-05T17:10:27","slug":"dla-przedsiebiorcow","status":"publish","type":"page","link":"https:\/\/www.kancelaria-warda.pl\/index.php\/pl\/specjalizacje\/dla-przedsiebiorcow\/","title":{"rendered":"Dla przedsi\u0119biorc\u00f3w"},"content":{"rendered":"<ul>\n<li style=\"text-align: justify;\"><span style=\"font-family: tahoma, arial, helvetica, sans-serif; font-size: 14pt;\">Zapewniamy kompleksow\u0105 obs\u0142ug\u0119 transakcji\u00a0<\/span><\/li>\n<li><span style=\"font-family: tahoma, arial, helvetica, sans-serif; font-size: 14pt;\">Dbamy o ochron\u0119 tajemnicy przedsi\u0119biorstwa<\/span><\/li>\n<li style=\"text-align: justify;\"><span style=\"font-family: tahoma, arial, helvetica, sans-serif; font-size: 14pt;\">Prowadzimy audyty nieruchomo\u015bci<\/span><\/li>\n<li style=\"text-align: justify;\"><span style=\"font-family: tahoma, arial, helvetica, sans-serif; font-size: 14pt;\">Uzyskujemy pozwolenia, warunki i decyzje, w tym warunki zabudowy oraz pozwolenia na budow\u0119<\/span><\/li>\n<li><span style=\"font-family: tahoma, arial, helvetica, sans-serif; font-size: 14pt;\">Opracowujemy odpowiednie Umowy i Porozumienia<\/span><\/li>\n<li style=\"text-align: justify;\"><span style=\"font-family: tahoma, arial, helvetica, sans-serif; font-size: 14pt;\">Prowadzimy inne dzia\u0142ania umo\u017cliwiaj\u0105ce skuteczn\u0105 realizacj\u0119 transakcji<\/span><\/li>\n<\/ul>\n","protected":false},"excerpt":{"rendered":"<p>Zapewniamy kompleksow\u0105 obs\u0142ug\u0119 transakcji\u00a0 Dbamy o ochron\u0119 tajemnicy przedsi\u0119biorstwa Prowadzimy audyty nieruchomo\u015bci Uzyskujemy pozwolenia, warunki i decyzje, w tym warunki zabudowy oraz pozwolenia na budow\u0119 Opracowujemy odpowiednie Umowy i Porozumienia Prowadzimy inne dzia\u0142ania umo\u017cliwiaj\u0105ce skuteczn\u0105 realizacj\u0119 transakcji<\/p>\n","protected":false},"author":1,"featured_media":0,"parent":60,"menu_order":0,"comment_status":"closed","ping_status":"closed","template":"","meta":[],"_links":{"self":[{"href":"https:\/\/www.kancelaria-warda.pl\/index.php\/wp-json\/wp\/v2\/pages\/89"}],"collection":[{"href":"https:\/\/www.kancelaria-warda.pl\/index.php\/wp-json\/wp\/v2\/pages"}],"about":[{"href":"https:\/\/www.kancelaria-warda.pl\/index.php\/wp-json\/wp\/v2\/types\/page"}],"author":[{"embeddable":true,"href":"https:\/\/www.kancelaria-warda.pl\/index.php\/wp-json\/wp\/v2\/users\/1"}],"replies":[{"embeddable":true,"href":"https:\/\/www.kancelaria-warda.pl\/index.php\/wp-json\/wp\/v2\/comments?post=89"}],"version-history":[{"count":11,"href":"https:\/\/www.kancelaria-warda.pl\/index.php\/wp-json\/wp\/v2\/pages\/89\/revisions"}],"predecessor-version":[{"id":605,"href":"https:\/\/www.kancelaria-warda.pl\/index.php\/wp-json\/wp\/v2\/pages\/89\/revisions\/605"}],"up":[{"embeddable":true,"href":"https:\/\/www.kancelaria-warda.pl\/index.php\/wp-json\/wp\/v2\/pages\/60"}],"wp:attachment":[{"href":"https:\/\/www.kancelaria-warda.pl\/index.php\/wp-json\/wp\/v2\/media?parent=89"}],"curies":[{"name":"wp","href":"https:\/\/api.w.org\/{rel}","templated":true}]}}