{"id":61,"date":"2016-11-01T16:02:42","date_gmt":"2016-11-01T15:02:42","guid":{"rendered":"http:\/\/www.kancelaria-warda.pl\/index.php\/kariera\/"},"modified":"2023-01-14T19:49:40","modified_gmt":"2023-01-14T18:49:40","slug":"probono","status":"publish","type":"page","link":"https:\/\/www.kancelaria-warda.pl\/index.php\/pl\/probono\/","title":{"rendered":"Pro Bono"},"content":{"rendered":"<p style=\"text-align: justify;\"><span style=\"font-family: tahoma, arial, helvetica, sans-serif; font-size: 14pt;\">Wspieramy Siostry zakonne S\u0142u\u017cebniczki, kt\u00f3re mi\u0119dzy innymi prowadz\u0105 bezp\u0142atny szpital w Katondwe. Pomagaj\u0105 tysi\u0105com ludzi rocznie, szczeg\u00f3lnie z Zambii, Mozambiku i Zimbabwe, gdzie bieda i zacofanie s\u0105 ogromne. Dzie\u0142a, kt\u00f3re prowadz\u0105 te dzielne Siostry s\u0105 unikatowe. Oferuj\u0105 nie tylko pomoc medyczn\u0105. Pomagaj\u0105 ludziom w ich codziennych problemach, prowadz\u0105 edukacj\u0119, s\u0105 \u015bwiate\u0142kiem cywilizacji.<\/span><\/p>\n<p><a href=\"http:\/\/www.sluzebniczkinmp.pl\/misje-8712\/placowki-misyjne-zgromadzenia-10119\"><span style=\"font-family: tahoma, arial, helvetica, sans-serif; font-size: 14pt;\">http:\/\/www.sluzebniczkinmp.pl\/misje-8712\/placowki-misyjne-zgromadzenia-10119<\/span><\/a><span style=\"font-family: tahoma, arial, helvetica, sans-serif; font-size: 14pt;\"> \u00a0<\/span><\/p>\n<p><span style=\"font-family: tahoma, arial, helvetica, sans-serif; font-size: 14pt;\"> <a href=\"https:\/\/katondwe.pl\/o-szpitalu\/\">https:\/\/katondwe.pl\/o-szpitalu\/<\/a> \u00a0<\/span><\/p>\n","protected":false},"excerpt":{"rendered":"<p>Wspieramy Siostry zakonne S\u0142u\u017cebniczki, kt\u00f3re mi\u0119dzy innymi prowadz\u0105 bezp\u0142atny szpital w Katondwe. Pomagaj\u0105 tysi\u0105com ludzi rocznie, szczeg\u00f3lnie z Zambii, Mozambiku i Zimbabwe, gdzie bieda i zacofanie s\u0105 ogromne. Dzie\u0142a, kt\u00f3re prowadz\u0105 te dzielne Siostry s\u0105 unikatowe. Oferuj\u0105 nie tylko pomoc medyczn\u0105. Pomagaj\u0105 ludziom w ich codziennych problemach, prowadz\u0105 edukacj\u0119, s\u0105 \u015bwiate\u0142kiem cywilizacji. http:\/\/www.sluzebniczkinmp.pl\/misje-8712\/placowki-misyjne-zgromadzenia-10119 \u00a0 https:\/\/katondwe.pl\/o-szpitalu\/ [&hellip;]<\/p>\n","protected":false},"author":1,"featured_media":0,"parent":0,"menu_order":7,"comment_status":"closed","ping_status":"closed","template":"","meta":[],"_links":{"self":[{"href":"https:\/\/www.kancelaria-warda.pl\/index.php\/wp-json\/wp\/v2\/pages\/61"}],"collection":[{"href":"https:\/\/www.kancelaria-warda.pl\/index.php\/wp-json\/wp\/v2\/pages"}],"about":[{"href":"https:\/\/www.kancelaria-warda.pl\/index.php\/wp-json\/wp\/v2\/types\/page"}],"author":[{"embeddable":true,"href":"https:\/\/www.kancelaria-warda.pl\/index.php\/wp-json\/wp\/v2\/users\/1"}],"replies":[{"embeddable":true,"href":"https:\/\/www.kancelaria-warda.pl\/index.php\/wp-json\/wp\/v2\/comments?post=61"}],"version-history":[{"count":11,"href":"https:\/\/www.kancelaria-warda.pl\/index.php\/wp-json\/wp\/v2\/pages\/61\/revisions"}],"predecessor-version":[{"id":524,"href":"https:\/\/www.kancelaria-warda.pl\/index.php\/wp-json\/wp\/v2\/pages\/61\/revisions\/524"}],"wp:attachment":[{"href":"https:\/\/www.kancelaria-warda.pl\/index.php\/wp-json\/wp\/v2\/media?parent=61"}],"curies":[{"name":"wp","href":"https:\/\/api.w.org\/{rel}","templated":true}]}}