{"id":58,"date":"2016-11-01T16:02:39","date_gmt":"2016-11-01T15:02:39","guid":{"rendered":"http:\/\/www.kancelaria-warda.pl\/index.php\/klienci\/"},"modified":"2023-01-14T19:51:48","modified_gmt":"2023-01-14T18:51:48","slug":"klienci","status":"publish","type":"page","link":"https:\/\/www.kancelaria-warda.pl\/index.php\/pl\/klienci\/","title":{"rendered":"Klienci"},"content":{"rendered":"<p><span style=\"font-family: tahoma, arial, helvetica, sans-serif; font-size: 14pt;\">Od lat z powodzeniem wsp\u00f3\u0142pracujemy z:<\/span><\/p>\n<ul>\n<li>\u00a0<span style=\"font-family: tahoma, arial, helvetica, sans-serif; font-size: 14pt;\">w\u0142a\u015bcicielami i u\u017cytkownikami wieczystymi nieruchomo\u015bci<\/span><\/li>\n<li><span style=\"font-family: tahoma, arial, helvetica, sans-serif; font-size: 14pt;\">\u00a0deweloperami<\/span><\/li>\n<li><span style=\"font-family: tahoma, arial, helvetica, sans-serif; font-size: 14pt;\">\u00a0wyspecjalizowanymi inwestorami polskimi i zagranicznymi<\/span><\/li>\n<li><span style=\"font-family: tahoma, arial, helvetica, sans-serif; font-size: 14pt;\">\u00a0firmami produkcyjnymi<\/span><\/li>\n<li><span style=\"font-family: tahoma, arial, helvetica, sans-serif; font-size: 14pt;\">\u00a0biurami architektonicznymi<\/span><\/li>\n<li><span style=\"font-family: tahoma, arial, helvetica, sans-serif; font-size: 14pt;\">\u00a0generalnymi wykonawcami inwestycji<\/span><\/li>\n<li><span style=\"font-family: tahoma, arial, helvetica, sans-serif; font-size: 14pt;\">\u00a0notariuszami<\/span><\/li>\n<li><span style=\"font-family: tahoma, arial, helvetica, sans-serif; font-size: 14pt;\">\u00a0kancelariami prawnymi i podatkowymi<\/span><\/li>\n<li><span style=\"font-family: tahoma, arial, helvetica, sans-serif; font-size: 14pt;\">\u00a0firmami doradczymi<\/span><\/li>\n<\/ul>\n","protected":false},"excerpt":{"rendered":"<p>Od lat z powodzeniem wsp\u00f3\u0142pracujemy z: \u00a0w\u0142a\u015bcicielami i u\u017cytkownikami wieczystymi nieruchomo\u015bci \u00a0deweloperami \u00a0wyspecjalizowanymi inwestorami polskimi i zagranicznymi \u00a0firmami produkcyjnymi \u00a0biurami architektonicznymi \u00a0generalnymi wykonawcami inwestycji \u00a0notariuszami \u00a0kancelariami prawnymi i podatkowymi \u00a0firmami doradczymi<\/p>\n","protected":false},"author":1,"featured_media":0,"parent":0,"menu_order":4,"comment_status":"closed","ping_status":"closed","template":"","meta":[],"_links":{"self":[{"href":"https:\/\/www.kancelaria-warda.pl\/index.php\/wp-json\/wp\/v2\/pages\/58"}],"collection":[{"href":"https:\/\/www.kancelaria-warda.pl\/index.php\/wp-json\/wp\/v2\/pages"}],"about":[{"href":"https:\/\/www.kancelaria-warda.pl\/index.php\/wp-json\/wp\/v2\/types\/page"}],"author":[{"embeddable":true,"href":"https:\/\/www.kancelaria-warda.pl\/index.php\/wp-json\/wp\/v2\/users\/1"}],"replies":[{"embeddable":true,"href":"https:\/\/www.kancelaria-warda.pl\/index.php\/wp-json\/wp\/v2\/comments?post=58"}],"version-history":[{"count":29,"href":"https:\/\/www.kancelaria-warda.pl\/index.php\/wp-json\/wp\/v2\/pages\/58\/revisions"}],"predecessor-version":[{"id":526,"href":"https:\/\/www.kancelaria-warda.pl\/index.php\/wp-json\/wp\/v2\/pages\/58\/revisions\/526"}],"wp:attachment":[{"href":"https:\/\/www.kancelaria-warda.pl\/index.php\/wp-json\/wp\/v2\/media?parent=58"}],"curies":[{"name":"wp","href":"https:\/\/api.w.org\/{rel}","templated":true}]}}