{"id":299,"date":"2017-05-21T19:01:08","date_gmt":"2017-05-21T17:01:08","guid":{"rendered":"http:\/\/www.kancelaria-warda.pl\/?page_id=299"},"modified":"2017-10-31T08:36:30","modified_gmt":"2017-10-31T07:36:30","slug":"message-sent","status":"publish","type":"page","link":"https:\/\/www.kancelaria-warda.pl\/index.php\/en\/message-sent\/","title":{"rendered":"Message sent"},"content":{"rendered":"<p>Dzi\u0119kujemy za przes\u0142anie wiadomo\u015bci<\/p>\n","protected":false},"excerpt":{"rendered":"<p>Dzi\u0119kujemy za przes\u0142anie wiadomo\u015bci<\/p>\n","protected":false},"author":1,"featured_media":0,"parent":0,"menu_order":0,"comment_status":"closed","ping_status":"closed","template":"","meta":[],"_links":{"self":[{"href":"https:\/\/www.kancelaria-warda.pl\/index.php\/wp-json\/wp\/v2\/pages\/299"}],"collection":[{"href":"https:\/\/www.kancelaria-warda.pl\/index.php\/wp-json\/wp\/v2\/pages"}],"about":[{"href":"https:\/\/www.kancelaria-warda.pl\/index.php\/wp-json\/wp\/v2\/types\/page"}],"author":[{"embeddable":true,"href":"https:\/\/www.kancelaria-warda.pl\/index.php\/wp-json\/wp\/v2\/users\/1"}],"replies":[{"embeddable":true,"href":"https:\/\/www.kancelaria-warda.pl\/index.php\/wp-json\/wp\/v2\/comments?post=299"}],"version-history":[{"count":2,"href":"https:\/\/www.kancelaria-warda.pl\/index.php\/wp-json\/wp\/v2\/pages\/299\/revisions"}],"predecessor-version":[{"id":301,"href":"https:\/\/www.kancelaria-warda.pl\/index.php\/wp-json\/wp\/v2\/pages\/299\/revisions\/301"}],"wp:attachment":[{"href":"https:\/\/www.kancelaria-warda.pl\/index.php\/wp-json\/wp\/v2\/media?parent=299"}],"curies":[{"name":"wp","href":"https:\/\/api.w.org\/{rel}","templated":true}]}}