{"id":21,"date":"2016-11-01T15:25:06","date_gmt":"2016-11-01T14:25:06","guid":{"rendered":"http:\/\/www.kancelaria-warda.pl\/?page_id=21"},"modified":"2024-07-29T12:34:44","modified_gmt":"2024-07-29T10:34:44","slug":"zespol","status":"publish","type":"page","link":"https:\/\/www.kancelaria-warda.pl\/index.php\/pl\/zespol\/","title":{"rendered":"Zesp\u00f3\u0142"},"content":{"rendered":"<table style=\"width: 840px;\">\n<tbody>\n<tr>\n<td style=\"width: 125.852px; vertical-align: top;\"><span style=\"font-size: 14pt;\"><img decoding=\"async\" loading=\"lazy\" class=\"alignnone wp-image-632 size-medium\" src=\"http:\/\/www.kancelaria-warda.pl\/wp-content\/uploads\/2024\/01\/Piotr-Warda-fot-LinkedIn-zminiejszone-biale-228x300.png\" alt=\"\" width=\"228\" height=\"300\" srcset=\"https:\/\/www.kancelaria-warda.pl\/wp-content\/uploads\/2024\/01\/Piotr-Warda-fot-LinkedIn-zminiejszone-biale-228x300.png 228w, https:\/\/www.kancelaria-warda.pl\/wp-content\/uploads\/2024\/01\/Piotr-Warda-fot-LinkedIn-zminiejszone-biale-778x1024.png 778w, https:\/\/www.kancelaria-warda.pl\/wp-content\/uploads\/2024\/01\/Piotr-Warda-fot-LinkedIn-zminiejszone-biale-768x1011.png 768w, https:\/\/www.kancelaria-warda.pl\/wp-content\/uploads\/2024\/01\/Piotr-Warda-fot-LinkedIn-zminiejszone-biale-1167x1536.png 1167w, https:\/\/www.kancelaria-warda.pl\/wp-content\/uploads\/2024\/01\/Piotr-Warda-fot-LinkedIn-zminiejszone-biale.png 1254w\" sizes=\"(max-width: 228px) 100vw, 228px\" \/><\/span><\/td>\n<td style=\"vertical-align: top; width: 687.148px;\">\n<p style=\"text-align: justify;\"><span style=\"font-family: tahoma, arial, helvetica, sans-serif; font-size: 14pt;\"><strong>Piotr Warda<\/strong> uko\u0144czy\u0142 Wydzia\u0142 Prawa Uniwersytetu Warszawskiego, odby\u0142 aplikacj\u0119 radcowsk\u0105 w Okr\u0119gowej Izbie Radc\u00f3w Prawnych w Warszawie oraz zosta\u0142 wpisany na list\u0119 radc\u00f3w prawnych prowadzon\u0105 przez t\u0119 Izb\u0119 za numerem WA-7245.<\/span><\/p>\n<p style=\"text-align: justify;\"><span style=\"font-family: tahoma, arial, helvetica, sans-serif; font-size: 14pt;\">Od ponad 20 lat kompleksowo wspiera swoich Klient\u00f3w jako skuteczny prawnik, negocjator oraz manager. Pracowa\u0142 dla du\u017cych grup kapita\u0142owych, w tym Grupy Bakoma, Grupy ASTER, Grupy ZPR oraz dla wiod\u0105cych firm z bran\u017cy nieruchomo\u015bci.<\/span><\/p>\n<p style=\"text-align: justify;\"><span style=\"font-family: tahoma, arial, helvetica, sans-serif; font-size: 14pt;\">Od ponad 10 lat skutecznie dzia\u0142a na rynku nieruchomo\u015bci \u0142\u0105cz\u0105c Sprzedaj\u0105cych z Kupuj\u0105cymi, umo\u017cliwiaj\u0105c tym samym realizacj\u0119 du\u017cych przedsi\u0119wzi\u0119\u0107 inwestycyjnych, w tym budynk\u00f3w magazynowych, handlowych, osiedli mieszkaniowych, czy budynk\u00f3w biurowych.<\/span><\/p>\n<p style=\"text-align: justify;\"><span style=\"font-family: tahoma, arial, helvetica, sans-serif; font-size: 14pt;\">Jest sta\u0142ym mediatorem S\u0105du Okr\u0119gowego w Warszawie oraz mediatorem w O\u015brodku Mediacji przy Okr\u0119gowej Izbie Radc\u00f3w Prawnych w Warszawie w zakresie prawa ochrony \u015brodowiska, prawa um\u00f3w, prawa IT i prawa w\u0142asno\u015bci intelektualnej.<\/span><\/p>\n<p style=\"text-align: justify;\"><span style=\"font-family: tahoma, arial, helvetica, sans-serif; font-size: 14pt;\">Pos\u0142uguje si\u0119 bardzo dobrze j\u0119zykiem angielskim.<\/span><\/p>\n<p>\u00a0<\/p>\n<\/td>\n<\/tr>\n<tr>\n<td style=\"width: 125.852px; vertical-align: top;\"><img decoding=\"async\" loading=\"lazy\" class=\"alignnone  wp-image-22\" src=\"http:\/\/www.kancelaria-warda.pl\/wp-content\/uploads\/2024\/07\/Ilona-Warda2-3-scaled.jpg\" alt=\"Ilona Warda2\" width=\"121\" height=\"182\" \/><\/td>\n<td style=\"width: 687.148px; text-align: justify;\">\n<p><span style=\"font-family: tahoma, arial, helvetica, sans-serif; font-size: 14pt;\"><strong>Ilona Warda<\/strong> jest z wykszta\u0142cenia prawnikiem i mediatorem. Uko\u0144czy\u0142a Wydzia\u0142 Prawa Uniwersytetu Warszawskiego oraz studia podyplomowe Mediacje i Negocjacje dla Prawnik\u00f3w.<\/span><\/p>\n<p><span style=\"font-family: tahoma, arial, helvetica, sans-serif; font-size: 14pt;\">Ilona Warda posiada kilkunastoletnie do\u015bwiadczenie w bie\u017c\u0105cym \u015bwiadczeniu pomocy prawnej przedsi\u0119biorcom polskim i zagranicznym. Wsp\u00f3\u0142pracowa\u0142a z firmami z bran\u017cy windykacyjnej, gospodarowania odpadami, kancelariami komorniczymi oraz agencjami po\u015brednictwa nieruchomo\u015bci.<\/span><\/p>\n<p><span style=\"font-family: tahoma, arial, helvetica, sans-serif; font-size: 14pt;\">Od ponad 6 lat skutecznie dzia\u0142a na rynku nieruchomo\u015bci \u0142\u0105cz\u0105c Sprzedaj\u0105cych z Kupuj\u0105cymi, umo\u017cliwiaj\u0105c tym samym realizacj\u0119 du\u017cych przedsi\u0119wzi\u0119\u0107 inwestycyjnych, w tym budynk\u00f3w magazynowych, handlowych, osiedli mieszkaniowych, czy budynk\u00f3w biurowych.<\/span><\/p>\n<p><span style=\"font-family: tahoma, arial, helvetica, sans-serif; font-size: 14pt;\">Jest uznanym mediatorem i negocjatorem. Jej umiej\u0119tno\u015bci i predyspozycje osobowo\u015bciowe umo\u017cliwiaj\u0105 osi\u0105ganie porozumienia w prowadzonych sprawach.<\/span><\/p>\n<p><span style=\"font-family: tahoma, arial, helvetica, sans-serif; font-size: 14pt;\">Pos\u0142uguje si\u0119 dobrze j\u0119zykiem angielskim.<\/span><\/p>\n<p>\u00a0<\/p>\n<\/td>\n<\/tr>\n<\/tbody>\n<\/table>\n<table style=\"width: 840px;\">\n<tbody>\n<tr>\n<td style=\"width: 128.65px;\">\u00a0 \u00a0 \u00a0 \u00a0 \u00a0 \u00a0 \u00a0 \u00a0 \u00a0 \u00a0 \u00a0 \u00a0 \u00a0\u00a0<\/td>\n<td style=\"width: 693.35px; text-align: justify;\">\n<p><span style=\"font-family: tahoma, arial, helvetica, sans-serif; font-size: 14pt;\">Wsp\u00f3\u0142pracujemy z w\u0142a\u015bcicielami i managerami firm deweloperskich oraz inwestycyjnych, notariuszami, radcami prawnymi, adwokatami, po\u015brednikami w obrocie nieruchomo\u015bciami, ksi\u0119gowymi, finansistami.\u00a0 <\/span><span style=\"font-family: tahoma, arial, helvetica, sans-serif; font-size: 14pt;\">\u00a0 \u00a0 \u00a0 <\/span>\u00a0 \u00a0 \u00a0 \u00a0<\/p>\n<\/td>\n<\/tr>\n<\/tbody>\n<\/table>\n<p style=\"text-align: justify;\">\u00a0<\/p>\n\n\n<p><\/p>\n","protected":false},"excerpt":{"rendered":"<p>Piotr Warda uko\u0144czy\u0142 Wydzia\u0142 Prawa Uniwersytetu Warszawskiego, odby\u0142 aplikacj\u0119 radcowsk\u0105 w Okr\u0119gowej Izbie Radc\u00f3w Prawnych w Warszawie oraz zosta\u0142 wpisany na list\u0119 radc\u00f3w prawnych prowadzon\u0105 przez t\u0119 Izb\u0119 za numerem WA-7245. Od ponad 20 lat kompleksowo wspiera swoich Klient\u00f3w jako skuteczny prawnik, negocjator oraz manager. Pracowa\u0142 dla du\u017cych grup kapita\u0142owych, w tym Grupy Bakoma, Grupy [&hellip;]<\/p>\n","protected":false},"author":1,"featured_media":0,"parent":0,"menu_order":0,"comment_status":"closed","ping_status":"closed","template":"","meta":[],"_links":{"self":[{"href":"https:\/\/www.kancelaria-warda.pl\/index.php\/wp-json\/wp\/v2\/pages\/21"}],"collection":[{"href":"https:\/\/www.kancelaria-warda.pl\/index.php\/wp-json\/wp\/v2\/pages"}],"about":[{"href":"https:\/\/www.kancelaria-warda.pl\/index.php\/wp-json\/wp\/v2\/types\/page"}],"author":[{"embeddable":true,"href":"https:\/\/www.kancelaria-warda.pl\/index.php\/wp-json\/wp\/v2\/users\/1"}],"replies":[{"embeddable":true,"href":"https:\/\/www.kancelaria-warda.pl\/index.php\/wp-json\/wp\/v2\/comments?post=21"}],"version-history":[{"count":57,"href":"https:\/\/www.kancelaria-warda.pl\/index.php\/wp-json\/wp\/v2\/pages\/21\/revisions"}],"predecessor-version":[{"id":649,"href":"https:\/\/www.kancelaria-warda.pl\/index.php\/wp-json\/wp\/v2\/pages\/21\/revisions\/649"}],"wp:attachment":[{"href":"https:\/\/www.kancelaria-warda.pl\/index.php\/wp-json\/wp\/v2\/media?parent=21"}],"curies":[{"name":"wp","href":"https:\/\/api.w.org\/{rel}","templated":true}]}}