{"id":173,"date":"2016-11-13T19:07:33","date_gmt":"2016-11-13T18:07:33","guid":{"rendered":"http:\/\/www.kancelaria-warda.pl\/?page_id=173"},"modified":"2016-11-13T19:07:33","modified_gmt":"2016-11-13T18:07:33","slug":"polityka-prywatnosci-pliki-cookies-ciasteczka","status":"publish","type":"page","link":"https:\/\/www.kancelaria-warda.pl\/index.php\/pl\/polityka-prywatnosci-pliki-cookies-ciasteczka\/","title":{"rendered":"Polityka prywatno\u015bci (pliki cookies \u2013 ciasteczka)"},"content":{"rendered":"<ol>\n<li>Strona <strong>www.kancelaria-warda.pl<\/strong> (\u201estrona\u201d) u\u017cywa plik\u00f3w cookies i podobnych technologii (\u201eciasteczka\u201d) w celach statystycznych i przechowywania danych sesyjnych (dane wygasaj\u0105 po zako\u0144czeniu przegl\u0105dania strony). Strona korzysta z ciasteczek google-analytics.com \u2013 statystyki dla serwisu oraz ciasteczek instalowanych przez Facebook Social Plugins.<\/li>\n<li>Ciasteczka stanowi\u0105 dane w formie elektronicznej (np. pliki tekstowe), kt\u00f3re przechowywane s\u0105 w urz\u0105dzeniu ko\u0144cowym u\u017cytkownika strony i przeznaczone s\u0105 do korzystania ze strony. Ciasteczka zawieraj\u0105 nazw\u0119 strony internetowej, z kt\u00f3rej pochodz\u0105, czas przechowywania ich na urz\u0105dzeniu ko\u0144cowym oraz unikalny numer.<\/li>\n<li>Przegl\u0105darka internetowa domy\u015blnie dopuszcza przechowywanie ciasteczek w urz\u0105dzeniu ko\u0144cowym u\u017cytkownika. U\u017cytkownicy strony mog\u0105 dokona\u0107 w ka\u017cdym czasie zmiany ustawie\u0144 dotycz\u0105cych ciasteczek. Ustawienia te mog\u0105 zosta\u0107 zmienione w szczeg\u00f3lno\u015bci w taki spos\u00f3b, aby blokowa\u0107 automatyczn\u0105 obs\u0142ug\u0119 ciasteczek w ustawieniach przegl\u0105darki internetowej, b\u0105d\u017a informowa\u0107 o ich ka\u017cdorazowym zamieszczeniu w urz\u0105dzeniu u\u017cytkownika strony.<\/li>\n<\/ol>\n","protected":false},"excerpt":{"rendered":"<p>Strona www.kancelaria-warda.pl (\u201estrona\u201d) u\u017cywa plik\u00f3w cookies i podobnych technologii (\u201eciasteczka\u201d) w celach statystycznych i przechowywania danych sesyjnych (dane wygasaj\u0105 po zako\u0144czeniu przegl\u0105dania strony). Strona korzysta z ciasteczek google-analytics.com \u2013 statystyki dla serwisu oraz ciasteczek instalowanych przez Facebook Social Plugins. Ciasteczka stanowi\u0105 dane w formie elektronicznej (np. pliki tekstowe), kt\u00f3re przechowywane s\u0105 w urz\u0105dzeniu ko\u0144cowym u\u017cytkownika [&hellip;]<\/p>\n","protected":false},"author":1,"featured_media":0,"parent":0,"menu_order":0,"comment_status":"closed","ping_status":"closed","template":"","meta":[],"_links":{"self":[{"href":"https:\/\/www.kancelaria-warda.pl\/index.php\/wp-json\/wp\/v2\/pages\/173"}],"collection":[{"href":"https:\/\/www.kancelaria-warda.pl\/index.php\/wp-json\/wp\/v2\/pages"}],"about":[{"href":"https:\/\/www.kancelaria-warda.pl\/index.php\/wp-json\/wp\/v2\/types\/page"}],"author":[{"embeddable":true,"href":"https:\/\/www.kancelaria-warda.pl\/index.php\/wp-json\/wp\/v2\/users\/1"}],"replies":[{"embeddable":true,"href":"https:\/\/www.kancelaria-warda.pl\/index.php\/wp-json\/wp\/v2\/comments?post=173"}],"version-history":[{"count":1,"href":"https:\/\/www.kancelaria-warda.pl\/index.php\/wp-json\/wp\/v2\/pages\/173\/revisions"}],"predecessor-version":[{"id":174,"href":"https:\/\/www.kancelaria-warda.pl\/index.php\/wp-json\/wp\/v2\/pages\/173\/revisions\/174"}],"wp:attachment":[{"href":"https:\/\/www.kancelaria-warda.pl\/index.php\/wp-json\/wp\/v2\/media?parent=173"}],"curies":[{"name":"wp","href":"https:\/\/api.w.org\/{rel}","templated":true}]}}