{"id":13,"date":"2016-10-30T19:10:36","date_gmt":"2016-10-30T18:10:36","guid":{"rendered":"http:\/\/www.kancelaria-warda.pl\/?page_id=13"},"modified":"2025-12-06T14:24:12","modified_gmt":"2025-12-06T13:24:12","slug":"o-kancelarii","status":"publish","type":"page","link":"https:\/\/www.kancelaria-warda.pl\/index.php\/pl\/o-kancelarii\/","title":{"rendered":"O Kancelarii"},"content":{"rendered":"<p style=\"text-align: center;\"><span style=\"font-family: tahoma, arial, helvetica, sans-serif; font-size: 14pt;\">Nasza Kancelaria prawno \u2013 inwestycyjna specjalizuje si\u0119 w dzia\u0142alno\u015bci brokerskiej oraz inwestycyjnej w zakresie wi\u0119kszych projekt\u00f3w inwestycyjnych na rynku nieruchomo\u015bci, a tak\u017ce w obs\u0142udze transakcyjnej takich projekt\u00f3w. <\/span><\/p>\n<p style=\"text-align: center;\"><span style=\"font-family: tahoma, arial, helvetica, sans-serif; font-size: 14pt;\">\u015awiadczymy tak\u017ce pomoc prawn\u0105 w zakresie spraw zwi\u0105zanych z nieruchomo\u015bciami.<\/span><\/p>\n<p style=\"text-align: center;\"><span style=\"font-family: tahoma, arial, helvetica, sans-serif; font-size: 14pt;\">Dzi\u0119ki wsp\u00f3\u0142pracy z nami, nasi Klienci zarobili i zaoszcz\u0119dzili znaczne \u015brodki finansowe oraz rozwin\u0119li swoje interesy.<\/span><\/p>\n<p style=\"text-align: center;\"><span style=\"font-family: tahoma, arial, helvetica, sans-serif; font-size: 14pt;\">Je\u015bli zachodzi taka potrzeba, pomagamy pozyska\u0107 finansowanie na zakup nieruchomo\u015bci, prowadzenie interes\u00f3w i rozw\u00f3j.<\/span><\/p>\n<p style=\"text-align: center;\"><span style=\"font-family: tahoma, arial, helvetica, sans-serif; font-size: 14pt;\">Anga\u017cujemy si\u0119 w swoj\u0105 prac\u0119, wykonujemy j\u0105 profesjonalnie, w przyst\u0119pnej cenie oraz uczciwie i oczekujemy uczciwo\u015bci z drugiej strony.<\/span><\/p>\n<p style=\"text-align: center;\">\n<p style=\"text-align: center;\"><span style=\"font-family: tahoma, arial, helvetica, sans-serif; font-size: 14pt;\">Tw\u00f3j sukces jest tak\u017ce naszym sukcesem.<\/span><\/p>\n<table>\n<tbody>\n<tr>\n<td><\/td>\n<\/tr>\n<tr>\n<td><\/td>\n<\/tr>\n<tr>\n<td><\/td>\n<\/tr>\n<tr>\n<td><\/td>\n<\/tr>\n<\/tbody>\n<\/table>\n<div id=\"tg_menu_obrazkowe\" class=\"menuimage_menu\">\n<div class=\"item-121 imagemenu_nieruchomosci\"><a class=\"menuimagehref\" href=\"http:\/\/www.kancelaria-warda.pl\/index.php\/pl\/specjalizacje\/nieruchomosci\/\">Nieruchomo\u015bci<\/a><\/div>\n<div class=\"item-118 imagemenu_negocjacje last-item-home\"><a class=\"menuimagehref\" href=\"http:\/\/www.kancelaria-warda.pl\/index.php\/pl\/specjalizacje\/negocjacje-handlowe\/\">Negocjacje<\/a><\/div>\n<div class=\"item-119 imagemenu_umowy\"><a class=\"menuimagehref\" href=\"http:\/\/www.kancelaria-warda.pl\/index.php\/pl\/specjalizacje\/umowy\/\">Umowy<\/a><\/div>\n<div class=\"item-123 imagemenu_windykacja\"><a class=\"menuimagehref\" href=\"http:\/\/www.kancelaria-warda.pl\/index.php\/pl\/specjalizacje\/transakcje-miedzynarodowe\/\">Transakcje mi\u0119dzynarodowe<\/a><\/div>\n<div class=\"item-120 imagemenu_administracyjne\"><a class=\"menuimagehref\" href=\"http:\/\/www.kancelaria-warda.pl\/index.php\/pl\/specjalizacje\/sprawy-sadowe-i-administracyjne\/\">Sprawy s\u0105dowe i administracyjne<\/a><\/div>\n<div class=\"item-118 imagemenu_obsl_przeds last-item-home\"><a class=\"menuimagehref\" href=\"http:\/\/www.kancelaria-warda.pl\/index.php\/pl\/specjalizacje\/dla-przedsiebiorcow\/\">Dla przedsi\u0119biorc\u00f3w<\/a><\/div>\n<\/div>\n","protected":false},"excerpt":{"rendered":"<p>Nasza Kancelaria prawno \u2013 inwestycyjna specjalizuje si\u0119 w dzia\u0142alno\u015bci brokerskiej oraz inwestycyjnej w zakresie wi\u0119kszych projekt\u00f3w inwestycyjnych na rynku nieruchomo\u015bci, a tak\u017ce w obs\u0142udze transakcyjnej takich projekt\u00f3w. \u015awiadczymy tak\u017ce pomoc prawn\u0105 w zakresie spraw zwi\u0105zanych z nieruchomo\u015bciami. Dzi\u0119ki wsp\u00f3\u0142pracy z nami, nasi Klienci zarobili i zaoszcz\u0119dzili znaczne \u015brodki finansowe oraz rozwin\u0119li swoje interesy. Je\u015bli zachodzi [&hellip;]<\/p>\n","protected":false},"author":1,"featured_media":0,"parent":0,"menu_order":0,"comment_status":"closed","ping_status":"closed","template":"","meta":[],"_links":{"self":[{"href":"https:\/\/www.kancelaria-warda.pl\/index.php\/wp-json\/wp\/v2\/pages\/13"}],"collection":[{"href":"https:\/\/www.kancelaria-warda.pl\/index.php\/wp-json\/wp\/v2\/pages"}],"about":[{"href":"https:\/\/www.kancelaria-warda.pl\/index.php\/wp-json\/wp\/v2\/types\/page"}],"author":[{"embeddable":true,"href":"https:\/\/www.kancelaria-warda.pl\/index.php\/wp-json\/wp\/v2\/users\/1"}],"replies":[{"embeddable":true,"href":"https:\/\/www.kancelaria-warda.pl\/index.php\/wp-json\/wp\/v2\/comments?post=13"}],"version-history":[{"count":41,"href":"https:\/\/www.kancelaria-warda.pl\/index.php\/wp-json\/wp\/v2\/pages\/13\/revisions"}],"predecessor-version":[{"id":677,"href":"https:\/\/www.kancelaria-warda.pl\/index.php\/wp-json\/wp\/v2\/pages\/13\/revisions\/677"}],"wp:attachment":[{"href":"https:\/\/www.kancelaria-warda.pl\/index.php\/wp-json\/wp\/v2\/media?parent=13"}],"curies":[{"name":"wp","href":"https:\/\/api.w.org\/{rel}","templated":true}]}}