{"id":107,"date":"2016-11-06T17:32:50","date_gmt":"2016-11-06T16:32:50","guid":{"rendered":"http:\/\/www.kancelaria-warda.pl\/?page_id=107"},"modified":"2023-04-05T19:13:39","modified_gmt":"2023-04-05T17:13:39","slug":"sprawy-sadowe-i-administracyjne","status":"publish","type":"page","link":"https:\/\/www.kancelaria-warda.pl\/index.php\/pl\/specjalizacje\/sprawy-sadowe-i-administracyjne\/","title":{"rendered":"Sprawy s\u0105dowe i administracyjne"},"content":{"rendered":"<p style=\"text-align: justify;\"><span style=\"font-family: tahoma, arial, helvetica, sans-serif; font-size: 14pt;\">\u015awiadczymy pomoc prawn\u0105 naszym Klientom w zakresie reprezentacji w post\u0119powaniu:<\/span><\/p>\n<ul>\n<li style=\"text-align: justify;\"><span style=\"font-family: tahoma, arial, helvetica, sans-serif; font-size: 14pt;\">cywilnym we wszystkich instancjach, w tym tak\u017ce przed S\u0105dem Najwy\u017cszym<\/span><\/li>\n<li style=\"text-align: justify;\"><span style=\"font-family: tahoma, arial, helvetica, sans-serif; font-size: 14pt;\">egzekucyjnym<\/span><\/li>\n<li style=\"text-align: justify;\"><span style=\"font-family: tahoma, arial, helvetica, sans-serif; font-size: 14pt;\">administracyjnym, przed organami administracji rz\u0105dowej i samorz\u0105dowej<\/span><\/li>\n<li style=\"text-align: justify;\"><span style=\"font-family: tahoma, arial, helvetica, sans-serif; font-size: 14pt;\">przed Wojew\u00f3dzkim S\u0105dem Administracyjnym oraz przed Naczelnym S\u0105dem Administracyjnym w Warszawie<\/span><\/li>\n<\/ul>\n","protected":false},"excerpt":{"rendered":"<p>\u015awiadczymy pomoc prawn\u0105 naszym Klientom w zakresie reprezentacji w post\u0119powaniu: cywilnym we wszystkich instancjach, w tym tak\u017ce przed S\u0105dem Najwy\u017cszym egzekucyjnym administracyjnym, przed organami administracji rz\u0105dowej i samorz\u0105dowej przed Wojew\u00f3dzkim S\u0105dem Administracyjnym oraz przed Naczelnym S\u0105dem Administracyjnym w Warszawie<\/p>\n","protected":false},"author":1,"featured_media":0,"parent":60,"menu_order":0,"comment_status":"closed","ping_status":"closed","template":"","meta":[],"_links":{"self":[{"href":"https:\/\/www.kancelaria-warda.pl\/index.php\/wp-json\/wp\/v2\/pages\/107"}],"collection":[{"href":"https:\/\/www.kancelaria-warda.pl\/index.php\/wp-json\/wp\/v2\/pages"}],"about":[{"href":"https:\/\/www.kancelaria-warda.pl\/index.php\/wp-json\/wp\/v2\/types\/page"}],"author":[{"embeddable":true,"href":"https:\/\/www.kancelaria-warda.pl\/index.php\/wp-json\/wp\/v2\/users\/1"}],"replies":[{"embeddable":true,"href":"https:\/\/www.kancelaria-warda.pl\/index.php\/wp-json\/wp\/v2\/comments?post=107"}],"version-history":[{"count":5,"href":"https:\/\/www.kancelaria-warda.pl\/index.php\/wp-json\/wp\/v2\/pages\/107\/revisions"}],"predecessor-version":[{"id":608,"href":"https:\/\/www.kancelaria-warda.pl\/index.php\/wp-json\/wp\/v2\/pages\/107\/revisions\/608"}],"up":[{"embeddable":true,"href":"https:\/\/www.kancelaria-warda.pl\/index.php\/wp-json\/wp\/v2\/pages\/60"}],"wp:attachment":[{"href":"https:\/\/www.kancelaria-warda.pl\/index.php\/wp-json\/wp\/v2\/media?parent=107"}],"curies":[{"name":"wp","href":"https:\/\/api.w.org\/{rel}","templated":true}]}}