{"id":105,"date":"2016-11-06T17:32:13","date_gmt":"2016-11-06T16:32:13","guid":{"rendered":"http:\/\/www.kancelaria-warda.pl\/?page_id=105"},"modified":"2017-01-09T21:32:26","modified_gmt":"2017-01-09T20:32:26","slug":"prawo-lotnicze","status":"publish","type":"page","link":"https:\/\/www.kancelaria-warda.pl\/index.php\/pl\/specjalizacje\/prawo-lotnicze\/","title":{"rendered":"Prawo lotnicze"},"content":{"rendered":"<p>Sporz\u0105dzamy umowy dotycz\u0105ce statk\u00f3w powietrznych (umowy sprzeda\u017cy, umowy leasingu, itp.). Pomagamy przewo\u017anikom lotniczym, firmom leasinguj\u0105cym statki powietrzne i innym uczestnikom lotnictwa cywilnego, w tym w zakresie:<\/p>\n<ul>\n<li>uregulowa\u0144 prawnych <strong>\u017ceglugi powietrznej<\/strong>,<\/li>\n<li><strong>odpowiedzialno\u015bci<\/strong> przewo\u017anika lotniczego za szkody,<\/li>\n<li><strong>ubezpieczenia<\/strong> lotniczego,<\/li>\n<li>stosunk\u00f3w <strong>cywilnoprawnych<\/strong> poza przewozem lotniczym, w tym w zakresie sprzeda\u017cy i leasingu statk\u00f3w powietrznych,<\/li>\n<li><strong>Koncesji<\/strong> i <strong>Zezwole\u0144<\/strong>.<\/li>\n<\/ul>\n","protected":false},"excerpt":{"rendered":"<p>Sporz\u0105dzamy umowy dotycz\u0105ce statk\u00f3w powietrznych (umowy sprzeda\u017cy, umowy leasingu, itp.). Pomagamy przewo\u017anikom lotniczym, firmom leasinguj\u0105cym statki powietrzne i innym uczestnikom lotnictwa cywilnego, w tym w zakresie: uregulowa\u0144 prawnych \u017ceglugi powietrznej, odpowiedzialno\u015bci przewo\u017anika lotniczego za szkody, ubezpieczenia lotniczego, stosunk\u00f3w cywilnoprawnych poza przewozem lotniczym, w tym w zakresie sprzeda\u017cy i leasingu statk\u00f3w powietrznych, Koncesji i Zezwole\u0144.<\/p>\n","protected":false},"author":1,"featured_media":0,"parent":60,"menu_order":0,"comment_status":"closed","ping_status":"closed","template":"","meta":[],"_links":{"self":[{"href":"https:\/\/www.kancelaria-warda.pl\/index.php\/wp-json\/wp\/v2\/pages\/105"}],"collection":[{"href":"https:\/\/www.kancelaria-warda.pl\/index.php\/wp-json\/wp\/v2\/pages"}],"about":[{"href":"https:\/\/www.kancelaria-warda.pl\/index.php\/wp-json\/wp\/v2\/types\/page"}],"author":[{"embeddable":true,"href":"https:\/\/www.kancelaria-warda.pl\/index.php\/wp-json\/wp\/v2\/users\/1"}],"replies":[{"embeddable":true,"href":"https:\/\/www.kancelaria-warda.pl\/index.php\/wp-json\/wp\/v2\/comments?post=105"}],"version-history":[{"count":3,"href":"https:\/\/www.kancelaria-warda.pl\/index.php\/wp-json\/wp\/v2\/pages\/105\/revisions"}],"predecessor-version":[{"id":499,"href":"https:\/\/www.kancelaria-warda.pl\/index.php\/wp-json\/wp\/v2\/pages\/105\/revisions\/499"}],"up":[{"embeddable":true,"href":"https:\/\/www.kancelaria-warda.pl\/index.php\/wp-json\/wp\/v2\/pages\/60"}],"wp:attachment":[{"href":"https:\/\/www.kancelaria-warda.pl\/index.php\/wp-json\/wp\/v2\/media?parent=105"}],"curies":[{"name":"wp","href":"https:\/\/api.w.org\/{rel}","templated":true}]}}